{"id":145,"date":"2025-12-04T14:14:22","date_gmt":"2025-12-04T13:14:22","guid":{"rendered":"https:\/\/klingsporn.effekt.digital\/?page_id=145"},"modified":"2026-01-05T14:03:44","modified_gmt":"2026-01-05T13:03:44","slug":"impressum","status":"publish","type":"page","link":"https:\/\/klingsporn.effekt.digital\/index.php\/impressum\/","title":{"rendered":"Impressum"},"content":{"rendered":"\t\t<div data-elementor-type=\"wp-page\" data-elementor-id=\"145\" class=\"elementor elementor-145\" data-elementor-post-type=\"page\">\n\t\t\t\t<div class=\"elementor-element elementor-element-1f07e0a e-flex e-con-boxed e-con e-parent\" data-id=\"1f07e0a\" data-element_type=\"container\" data-settings=\"{&quot;background_background&quot;:&quot;classic&quot;}\">\n\t\t\t\t\t<div class=\"e-con-inner\">\n\t\t<div class=\"elementor-element elementor-element-527edb3 e-con-full e-flex e-con e-child\" data-id=\"527edb3\" data-element_type=\"container\" data-settings=\"{&quot;background_background&quot;:&quot;classic&quot;}\">\n\t\t\t\t<\/div>\n\t\t\t\t\t<\/div>\n\t\t\t\t<\/div>\n\t\t<div class=\"elementor-element elementor-element-8a75b96 e-flex e-con-boxed e-con e-parent\" data-id=\"8a75b96\" data-element_type=\"container\" data-settings=\"{&quot;background_background&quot;:&quot;classic&quot;}\">\n\t\t\t\t\t<div class=\"e-con-inner\">\n\t\t<div class=\"elementor-element elementor-element-3d5988a e-con-full e-flex e-con e-child\" data-id=\"3d5988a\" data-element_type=\"container\">\n\t\t\t\t<div class=\"elementor-element elementor-element-93ab464 elementor-widget elementor-widget-heading\" data-id=\"93ab464\" data-element_type=\"widget\" data-widget_type=\"heading.default\">\n\t\t\t\t\t<h3 class=\"elementor-heading-title elementor-size-default\">Impressum<\/h3>\t\t\t\t<\/div>\n\t\t<div class=\"elementor-element elementor-element-1197a17 e-con-full e-flex e-con e-child\" data-id=\"1197a17\" data-element_type=\"container\">\n\t\t<div class=\"elementor-element elementor-element-52298da e-con-full e-flex e-con e-child\" data-id=\"52298da\" data-element_type=\"container\">\n\t\t\t\t<div class=\"elementor-element elementor-element-778a5bf elementor-widget elementor-widget-heading\" data-id=\"778a5bf\" data-element_type=\"widget\" data-widget_type=\"heading.default\">\n\t\t\t\t\t<h3 class=\"elementor-heading-title elementor-size-default\">Optik Klingsporn GmbH<\/h3>\t\t\t\t<\/div>\n\t\t\t\t<div class=\"elementor-element elementor-element-1977aab elementor-widget elementor-widget-text-editor\" data-id=\"1977aab\" data-element_type=\"widget\" data-widget_type=\"text-editor.default\">\n\t\t\t\t\t\t\t\t\t<p>Friedrichstr. 16<br \/>58636 Iserlohn<br \/>Tel.: 02371 \/ 22810<br \/>Fax: 02371 \/ 14528<br \/>E-Mail:\u00a0kontakt@optik-klingsporn.de<br \/>Internetadresse:\u00a0www.optik-klingsporn.de<\/p><p>Sitz der Gesellschaft: Iserlohn,\u00a0Amtsgericht Iserlohn HRB 669<br \/>Gesch\u00e4ftsf\u00fchrung: Augenoptikermeister Jan Klingsporn<\/p>\t\t\t\t\t\t\t\t<\/div>\n\t\t\t\t<\/div>\n\t\t\t\t<\/div>\n\t\t\t\t<\/div>\n\t\t<div class=\"elementor-element elementor-element-25ca14f e-con-full e-flex e-con e-child\" data-id=\"25ca14f\" data-element_type=\"container\">\n\t\t<div class=\"elementor-element elementor-element-bad4a5a e-con-full e-flex e-con e-child\" data-id=\"bad4a5a\" data-element_type=\"container\">\n\t\t\t\t<div class=\"elementor-element elementor-element-f18c00e elementor-widget elementor-widget-heading\" data-id=\"f18c00e\" data-element_type=\"widget\" data-widget_type=\"heading.default\">\n\t\t\t\t\t<h3 class=\"elementor-heading-title elementor-size-default\">Rechtliche Hinweise &amp; Copyright<\/h3>\t\t\t\t<\/div>\n\t\t\t\t<div class=\"elementor-element elementor-element-41a3e9c elementor-widget elementor-widget-text-editor\" data-id=\"41a3e9c\" data-element_type=\"widget\" data-widget_type=\"text-editor.default\">\n\t\t\t\t\t\t\t\t\t<p>Bitte beachten Sie unsere <b>AGB\u2019s<\/b>, sowie den <b>Haftungsausschluss<\/b>.<\/p><p>Alle Angaben, die Sie machen, wenn Sie mit uns in den Dialog treten, werden streng vertraulich behandelt. Eine Weitergabe an Dritte au\u00dferhalb der Optik Klingsporn GmbH ist ausgeschlossen. Lesen Sie hierzu auch die <b>Datenschutzerkl\u00e4rung<\/b>.<\/p><p>\u00a92018 Optik Klingsporn GmbH. Alle Rechte vorbehalten.<\/p><p>Inhalte als auch Bebilderungen dieser Internetseite sind urheberrechtlich gesch\u00fctzt und unterliegen dem Copyright der Optik Klingsporn GmbH. Jede Vervielf\u00e4ltigung, Anleihnahme und Kopie \u2013 und das betrifft alle Medien \u2013 bed\u00fcrfen der schriftlichen Genehmigung der Verfasser.<\/p>\t\t\t\t\t\t\t\t<\/div>\n\t\t\t\t<\/div>\n\t\t\t\t<\/div>\n\t\t<div class=\"elementor-element elementor-element-c01e397 e-con-full e-flex e-con e-child\" data-id=\"c01e397\" data-element_type=\"container\">\n\t\t<div class=\"elementor-element elementor-element-7956710 e-con-full e-flex e-con e-child\" data-id=\"7956710\" data-element_type=\"container\">\n\t\t\t\t<div class=\"elementor-element elementor-element-87e05e7 elementor-widget elementor-widget-heading\" data-id=\"87e05e7\" data-element_type=\"widget\" data-widget_type=\"heading.default\">\n\t\t\t\t\t<h3 class=\"elementor-heading-title elementor-size-default\">HAFTUNG F\u00dcR INHALTE\u200b<\/h3>\t\t\t\t<\/div>\n\t\t\t\t<div class=\"elementor-element elementor-element-b7d9169 elementor-widget elementor-widget-text-editor\" data-id=\"b7d9169\" data-element_type=\"widget\" data-widget_type=\"text-editor.default\">\n\t\t\t\t\t\t\t\t\t<p>Die Inhalte unserer Seiten wurden mit gr\u00f6\u00dfter Sorgfalt erstellt. F\u00fcr die Richtigkeit, Vollst\u00e4ndigkeit und Aktualit\u00e4t der Inhalte k\u00f6nnen wir jedoch keine Gew\u00e4hr \u00fcbernehmen. Als Diensteanbieter sind wir gem\u00e4\u00df \u00a7 7 Abs.1 TMG f\u00fcr eigene Inhalte auf diesen Seiten nach den allgemeinen Gesetzen verantwortlich. Nach \u00a7\u00a7 8 bis 10 TMG sind wir als Diensteanbieter jedoch nicht verpflichtet, \u00fcbermittelte oder gespeicherte fremde Informationen zu \u00fcberwachen oder nach Umst\u00e4nden zu forschen, die auf eine rechtswidrige T\u00e4tigkeit hinweisen. Verpflichtungen zur Entfernung oder Sperrung der Nutzung von Informationen nach den allgemeinen Gesetzen bleiben hiervon unber\u00fchrt. Eine diesbez\u00fcgliche Haftung ist jedoch erst ab dem Zeitpunkt der Kenntnis einer konkreten Rechtsverletzung m\u00f6glich. Bei Bekanntwerden von entsprechenden Rechtsverletzungen werden wir diese Inhalte umgehend entfernen.<\/p>\t\t\t\t\t\t\t\t<\/div>\n\t\t\t\t<\/div>\n\t\t\t\t<\/div>\n\t\t<div class=\"elementor-element elementor-element-64f09e5 e-con-full e-flex e-con e-child\" data-id=\"64f09e5\" data-element_type=\"container\">\n\t\t<div class=\"elementor-element elementor-element-a05f107 e-con-full e-flex e-con e-child\" data-id=\"a05f107\" data-element_type=\"container\">\n\t\t\t\t<div class=\"elementor-element elementor-element-5cac353 elementor-widget elementor-widget-heading\" data-id=\"5cac353\" data-element_type=\"widget\" data-widget_type=\"heading.default\">\n\t\t\t\t\t<h3 class=\"elementor-heading-title elementor-size-default\">HAFTUNG F\u00dcR LINKS\u200b<\/h3>\t\t\t\t<\/div>\n\t\t\t\t<div class=\"elementor-element elementor-element-98a944c elementor-widget elementor-widget-text-editor\" data-id=\"98a944c\" data-element_type=\"widget\" data-widget_type=\"text-editor.default\">\n\t\t\t\t\t\t\t\t\t<p>Unser Angebot enth\u00e4lt Links zu externen Webseiten Dritter, auf deren Inhalte wir keinen Einfluss haben. Deshalb k\u00f6nnen wir f\u00fcr diese fremden Inhalte auch keine Gew\u00e4hr \u00fcbernehmen. F\u00fcr die Inhalte der verlinkten Seiten ist stets der jeweilige Anbieter oder Betreiber der Seiten verantwortlich. Die verlinkten Seiten wurden zum Zeitpunkt der Verlinkung auf m\u00f6gliche Rechtsverst\u00f6\u00dfe \u00fcberpr\u00fcft. Rechtswidrige Inhalte waren zum Zeitpunkt der Verlinkung nicht erkennbar. Eine permanente inhaltliche Kontrolle der verlinkten Seiten ist jedoch ohne konkrete Anhaltspunkte einer Rechtsverletzung nicht zumutbar. Bei Bekanntwerden von Rechtsverletzungen werden wir derartige Links umgehend entfernen.<\/p>\t\t\t\t\t\t\t\t<\/div>\n\t\t\t\t<\/div>\n\t\t\t\t<\/div>\n\t\t<div class=\"elementor-element elementor-element-7f152e8 e-con-full e-flex e-con e-child\" data-id=\"7f152e8\" data-element_type=\"container\">\n\t\t<div class=\"elementor-element elementor-element-6f359b6 e-con-full e-flex e-con e-child\" data-id=\"6f359b6\" data-element_type=\"container\">\n\t\t\t\t<div class=\"elementor-element elementor-element-e4965be elementor-widget elementor-widget-heading\" data-id=\"e4965be\" data-element_type=\"widget\" data-widget_type=\"heading.default\">\n\t\t\t\t\t<h3 class=\"elementor-heading-title elementor-size-default\">URHEBERRECHT\u200b<\/h3>\t\t\t\t<\/div>\n\t\t\t\t<div class=\"elementor-element elementor-element-e37360d elementor-widget elementor-widget-text-editor\" data-id=\"e37360d\" data-element_type=\"widget\" data-widget_type=\"text-editor.default\">\n\t\t\t\t\t\t\t\t\t<p>Die durch die Seitenbetreiber erstellten Inhalte und Werke auf diesen Seiten unterliegen dem deutschen Urheberrecht. Die Vervielf\u00e4ltigung, Bearbeitung, Verbreitung und jede Art der Verwertung au\u00dferhalb der Grenzen des Urheberrechtes bed\u00fcrfen der schriftlichen Zustimmung des jeweiligen Autors bzw. Erstellers. Downloads und Kopien dieser Seite sind nur f\u00fcr den privaten, nicht kommerziellen Gebrauch gestattet. Soweit die Inhalte auf dieser Seite nicht vom Betreiber erstellt wurden, werden die Urheberrechte Dritter beachtet. Insbesondere werden Inhalte Dritter als solche gekennzeichnet. Sollten Sie trotzdem auf eine Urheberrechtsverletzung aufmerksam werden, bitten wir um einen entsprechenden Hinweis. Bei Bekanntwerden von Rechtsverletzungen werden wir derartige Inhalte umgehend entfernen.<\/p>\t\t\t\t\t\t\t\t<\/div>\n\t\t\t\t<\/div>\n\t\t\t\t<\/div>\n\t\t\t\t\t<\/div>\n\t\t\t\t<\/div>\n\t\t\t\t<\/div>\n\t\t","protected":false},"excerpt":{"rendered":"<p>Impressum Optik Klingsporn GmbH Friedrichstr. 1658636 IserlohnTel.: 02371 \/ 22810Fax: 02371 \/ 14528E-Mail:\u00a0kontakt@optik-klingsporn.deInternetadresse:\u00a0www.optik-klingsporn.de Sitz der Gesellschaft: Iserlohn,\u00a0Amtsgericht Iserlohn HRB 669Gesch\u00e4ftsf\u00fchrung: Augenoptikermeister Jan Klingsporn Rechtliche Hinweise &amp; Copyright Bitte beachten Sie unsere AGB\u2019s, sowie den Haftungsausschluss. Alle Angaben, die Sie machen, wenn Sie mit uns in den Dialog treten, werden streng vertraulich behandelt. Eine Weitergabe an [&hellip;]<\/p>\n","protected":false},"author":2,"featured_media":0,"parent":0,"menu_order":0,"comment_status":"closed","ping_status":"closed","template":"","meta":{"footnotes":""},"class_list":["post-145","page","type-page","status-publish","hentry"],"_links":{"self":[{"href":"https:\/\/klingsporn.effekt.digital\/index.php\/wp-json\/wp\/v2\/pages\/145","targetHints":{"allow":["GET"]}}],"collection":[{"href":"https:\/\/klingsporn.effekt.digital\/index.php\/wp-json\/wp\/v2\/pages"}],"about":[{"href":"https:\/\/klingsporn.effekt.digital\/index.php\/wp-json\/wp\/v2\/types\/page"}],"author":[{"embeddable":true,"href":"https:\/\/klingsporn.effekt.digital\/index.php\/wp-json\/wp\/v2\/users\/2"}],"replies":[{"embeddable":true,"href":"https:\/\/klingsporn.effekt.digital\/index.php\/wp-json\/wp\/v2\/comments?post=145"}],"version-history":[{"count":13,"href":"https:\/\/klingsporn.effekt.digital\/index.php\/wp-json\/wp\/v2\/pages\/145\/revisions"}],"predecessor-version":[{"id":578,"href":"https:\/\/klingsporn.effekt.digital\/index.php\/wp-json\/wp\/v2\/pages\/145\/revisions\/578"}],"wp:attachment":[{"href":"https:\/\/klingsporn.effekt.digital\/index.php\/wp-json\/wp\/v2\/media?parent=145"}],"curies":[{"name":"wp","href":"https:\/\/api.w.org\/{rel}","templated":true}]}}